{"id":10163,"date":"2016-09-22T08:28:32","date_gmt":"2016-09-22T08:28:32","guid":{"rendered":"http:\/\/localhost\/ecopark\/?page_id=10163"},"modified":"2021-04-20T17:22:47","modified_gmt":"2021-04-20T15:22:47","slug":"qui-sommes-nous","status":"publish","type":"page","link":"https:\/\/liluak-vtt.com\/index.php\/qui-sommes-nous\/","title":{"rendered":"Qui sommes-nous ?"},"content":{"rendered":"<p><section class=\"kc-elm kc-css-756605 kc_row\"><div class=\"kc-row-container  kc-container\"><div class=\"kc-wrap-columns\"><div class=\"kc-elm kc-css-401232 kc_col-sm-12 kc_column kc_col-sm-12\"><div class=\"kc-col-container\">\n<div class=\"element-block-heading style-v2\">\n\t<div class=\"wrapper\">\n\t\t<div class=\"inner\">\n\t\t\t\n\t\t\t\t\t\t<h2 class=\"heading\">Bienvenue chez Liluak VTT !<\/h2>\n\t\t\t\t\t\t\n\t\t\t\t\t<\/div>\n\t<\/div>\n<\/div><div class=\"kc_shortcode kc_single_image \"><img decoding=\"async\" src=\"https:\/\/liluak-vtt.com\/wp-content\/uploads\/2021\/03\/team-liluakvtt.jpg\" class=\"\" alt=\"\" \/><\/div><\/div><\/div><\/div><\/div><\/section><section class=\"kc-elm kc-css-983419 kc_row\"><div class=\"kc-row-container  kc-container\"><div class=\"kc-wrap-columns\"><div class=\"kc-elm kc-css-654995 kc_col-sm-6 kc-animated kc-animate-eff-fadeIn kc_column kc_col-sm-6\"><div class=\"kc-col-container\"><div class=\"kc-elm kc-css-838600\" style=\"height: 10px; clear: both; width:100%;\"><\/div>\n<div class=\"kc-elm kc-css-229913 kc-title-wrap \">\n\n\t<h1 class=\"kc_title\">Alex<\/h1>\n<\/div>\n<div class=\"kc-elm kc-css-431763 kc_accordion_wrapper\">\n<div class=\"kc-elm kc-css-135508 kc_accordion_section group \"><h3 class=\"kc_accordion_header ui-accordion-header\"><span class=\"ui-accordion-header-icon ui-icon\"><\/span><a href=\"#son-histoire\" data-prevent=\"scroll\"><i class=\"\"><\/i> Son histoire<\/a><\/h3><div class=\"kc_accordion_content ui-accordion-content kc_clearfix\"><div class=\"kc-panel-body\"><div class=\"kc-elm kc-css-964462 kc_text_block\"><\/p>\n<p style=\"text-align: left;\"><span style=\"font-weight: 400;\">Natif du Pays Basque dans le sud-ouest de la France, Alex est depuis tout petit passionn\u00e9 de VTT.\u00a0 <\/span><span style=\"font-weight: 400;\">Ayant grandi au pied des montagnes Basques, il s&rsquo;est orient\u00e9 vers une pratique Freeride, sans contraintes, juste rouler avec les potes \u00e0 repousser ses propres limites.\u00a0<\/span><\/p>\n<p style=\"text-align: left;\"><span style=\"font-weight: 400;\">D\u00e9sireux de dynamiser la pratique du VTT, Alex et sa bande ont cr\u00e9\u00e9 leur propre Bikepark. <\/span><span style=\"font-weight: 400;\">Alex a particip\u00e9 \u00e0 quelques comp\u00e9titions dans les Pyr\u00e9n\u00e9es et les Alpes. Il y a d\u00e9couvert le gros v\u00e9lo et le plaisir de partager des runs avec le gratin international. L&rsquo;opportunit\u00e9 de tourner une vid\u00e9o au Pays Basque s&rsquo;est pr\u00e9sent\u00e9e.\u00a0<\/span><\/p>\n<p>\n<\/div><\/div><\/div><\/div><div class=\"kc-elm kc-css-63810 kc_accordion_section group \"><h3 class=\"kc_accordion_header ui-accordion-header\"><span class=\"ui-accordion-header-icon ui-icon\"><\/span><a href=\"#lire-la-suite\" data-prevent=\"scroll\"><i class=\"\"><\/i> Lire la suite<\/a><\/h3><div class=\"kc_accordion_content ui-accordion-content kc_clearfix\"><div class=\"kc-panel-body\"><div class=\"kc-elm kc-css-475013 kc_text_block\"><\/p>\n<p>Fin 2010, il a particip\u00e9 au tournage de \u00ab\u00a0Pista Prest Dago\u00a0\u00bb, une vid\u00e9o qui \u00e0 l&rsquo;\u00e9poque eu un franc succ\u00e8s ! Cela lui a permis d&rsquo;avoir des sponsors et de partir pour une tourn\u00e9e trip\/vid\u00e9o \u00e0 travers le monde. Son meilleur souvenir est la Nouvelle Z\u00e9lande avec le tournage de la vid\u00e9o \u00ab\u00a0Sweet as bro\u00a0\u00bb . En 2013, il d\u00e9cide d&rsquo;aller vivre 1 an chez les \u00ab\u00a0kiwis\u00a0\u00bb . L&rsquo;occasion r\u00eav\u00e9e de d\u00e9couvrir une nouvelle culture, apprendre \u00e0 parler anglais et surtout rider sur l&rsquo;un des plus beaux spots du monde, Queenstown. A son retour en France, Alex a d\u00e9cid\u00e9 de se former pour devenir moniteur guide VTT. En 2017 il d\u00e9veloppe les premi\u00e8res randonn\u00e9es en VTT \u00e9lectriques au Pays Basque au sein des roues de lilou.<\/p>\n<p>Ce qu\u2019il aime le plus aujourd\u2019hui c\u2019est de partager et transmettre sa passion pour le VTT et les montagnes basques qu\u2019il conna\u00eet les yeux ferm\u00e9s. Fin 2018, il lance ainsi l\u2019\u00e9cole de VTT Liluak pour encadrer les jeunes aux bases du pilotage VTT et en 2019 il cr\u00e9e un terrain p\u00e9dagogique sp\u00e9cialement con\u00e7u pour l\u2019apprentissage et le perfectionnement en VTT.<\/p>\n<p>\n<\/div><\/div><\/div><\/div><\/div>\n<\/div><\/div><div class=\"kc-elm kc-css-457528 kc_col-sm-6 kc-animated kc-animate-eff-fadeIn kc_column kc_col-sm-6\"><div class=\"kc-col-container\"><div class=\"kc-elm kc-css-680777\" style=\"height: 10px; clear: both; width:100%;\"><\/div>\n<div class=\"kc-elm kc-css-378542 kc-title-wrap \">\n\n\t<h1 class=\"kc_title\">Sylvain<\/h1>\n<\/div>\n<div class=\"kc-elm kc-css-933484 kc_accordion_wrapper\">\n<div class=\"kc-elm kc-css-967160 kc_accordion_section group \"><h3 class=\"kc_accordion_header ui-accordion-header\"><span class=\"ui-accordion-header-icon ui-icon\"><\/span><a href=\"#son-histoire\" data-prevent=\"scroll\"><i class=\"\"><\/i> Son histoire<\/a><\/h3><div class=\"kc_accordion_content ui-accordion-content kc_clearfix\"><div class=\"kc-panel-body\"><div class=\"kc-elm kc-css-602517 kc_text_block\"><\/p>\n<p><span style=\"font-weight: 400;\">Sur son v\u00e9lo depuis tr\u00e8s jeune \u00e0 sillonner la campagne nordiste, Sylvain est vite tomb\u00e9 amoureux du cyclotourisme &#8211; vacances et voyages \u00e0 v\u00e9lo entre ami.e.s.<\/span><\/p>\n<p>D&rsquo;abord sur son VTT puis sur son v\u00e9lo de trekking o\u00f9 il peut y accrocher plusieurs sacoches, il parcourt de nombreux kilom\u00e8tres en France et \u00e0 l&rsquo;\u00e9tranger \u00e0 la rencontre des habitants chez qui il passe la nuit.<\/p>\n<p>Ce qu&rsquo;il affectionne particuli\u00e8rement ce sont ces moments de partage et ces relations qui se tissent autour d&rsquo;une passion commune pour le v\u00e9lo.<\/p>\n<p>\n<\/div><\/div><\/div><\/div><div class=\"kc-elm kc-css-814844 kc_accordion_section group \"><h3 class=\"kc_accordion_header ui-accordion-header\"><span class=\"ui-accordion-header-icon ui-icon\"><\/span><a href=\"#lire-la-suite\" data-prevent=\"scroll\"><i class=\"\"><\/i> Lire la suite<\/a><\/h3><div class=\"kc_accordion_content ui-accordion-content kc_clearfix\"><div class=\"kc-panel-body\"><div class=\"kc-elm kc-css-164929 kc_text_block\"><\/p>\n<p><span style=\"font-style: inherit; font-family: -apple-system, BlinkMacSystemFont, 'Segoe UI', Roboto, Oxygen-Sans, Ubuntu, Cantarell, 'Helvetica Neue', sans-serif;\">ll partira d\u00e9couvrir la pratique de la DH (v\u00e9lo de descente), plusieurs \u00e9t\u00e9s de suite, dans les stations des Alpes. C\u2019est \u00e0 partir de cet instant qu\u2019il fait le v\u0153u de venir s\u2019installer pr\u00e8s des montagnes.<\/span><\/p>\n<p><span style=\"font-weight: 400;\">Apr\u00e8s plusieurs ann\u00e9es dans l\u2019accompagnement et le d\u00e9veloppement de projets d\u2019entrepreneuriat social, Sylvain d\u00e9cide de quitter son CDI en 2019 pour passer le dipl\u00f4me d\u2019\u00e9ducateur sportif (BPJEPS AC) afin de devenir moniteur guide. Il garde en parall\u00e8le son activit\u00e9 de facilitateur ind\u00e9pendant afin d\u2019effectuer des prestations aupr\u00e8s d\u2019entreprises et fondations sur des programmes de retour \u00e0 l\u2019emploi et de montage de projets. Depuis 2018, il s\u2019engage en tant que sapeur pompier volontaire afin d\u2019\u00eatre acteur de son territoire.<\/span><\/p>\n<p><span style=\"font-weight: 400;\">C\u2019est durant l\u2019\u00e9t\u00e9 2020 que Sylvain travaille avec Alex et d\u00e9cide de venir s\u2019installer d\u00e9finitivement au Pays Basque, r\u00e9gion pour laquelle il a eu un v\u00e9ritable coup de coeur.<\/span><\/p>\n<p><span style=\"font-weight: 400;\">Ce qu\u2019il aime le plus aujourd\u2019hui c\u2019est faire vivre une parenth\u00e8se unique aux client.e.s en pleine nature gr\u00e2ce au v\u00e9lo. Depuis son exp\u00e9rience \u00e0 l\u2019\u00e9cole de v\u00e9lo de Lille, il souhaite \u00e9galement d\u00e9velopper l\u2019apprentissage du v\u00e9lo aupr\u00e8s des plus jeunes dans toutes les structures favorisant l\u2019\u00e9ducation et l\u2019autonomie (\u00e9coles, centres sociaux, centres a\u00e9r\u00e9s, IME) et toucher tout public d\u00e9sireux d\u2019acqu\u00e9rir plus d\u2019autonomie et de s\u00e9curit\u00e9 dans leur mobilit\u00e9 quotidienne.<\/span><\/p>\n<p>\n<\/div><\/div><\/div><\/div><\/div>\n<\/div><\/div><\/div><\/div><\/section><section class=\"kc-elm kc-css-344173 kc_row\"><div class=\"kc-row-container  kc-container\"><div class=\"kc-wrap-columns\"><div class=\"kc-elm kc-css-171065 kc_col-sm-12 kc_column kc_col-sm-12\"><div class=\"kc-col-container\"><div class=\"kc-elm kc-css-371687\" style=\"height: 42px; clear: both; width:100%;\"><\/div><div class=\"kc-elm kc-css-255216 kc_text_block\"><\/p>\n<p style=\"text-align: center;\">D\u00e9but 2021, Alex et Sylvain se sont associ\u00e9s pour partager leur passion et d\u00e9velopper une pratique plus s\u00fbre et durable du VTT. <span style=\"font-style: inherit; font-family: -apple-system, BlinkMacSystemFont, 'Segoe UI', Roboto, Oxygen-Sans, Ubuntu, Cantarell, 'Helvetica Neue', sans-serif;\">Le respect de la nature et l\u2019\u00e9change humain \u00e9tant leur priorit\u00e9, ils seront ravis de vous accueillir et de vous proposer les meilleures activit\u00e9s adapt\u00e9es \u00e0 vos envies chez Liluak VTT !<\/span><\/p>\n<p>\n<\/div><div class=\"kc-elm kc-css-890630\" style=\"height: 42px; clear: both; width:100%;\"><\/div><\/div><\/div><\/div><\/div><\/section><section class=\"kc-elm kc-css-39917 kc_row\"><div class=\"kc-row-container  kc-container\"><div class=\"kc-wrap-columns\"><div class=\"kc-elm kc-css-7326 kc_col-sm-6 kc_column kc_col-sm-6\"><div class=\"kc-col-container\"><div class=\"kc_shortcode kc_single_image effect-default\"><img decoding=\"async\" src=\"https:\/\/liluak-vtt.com\/wp-content\/uploads\/2017\/10\/logo-ecoleVTT-mcf-paysbasque-larhune.png\" class=\"\" alt=\"\" \/><\/div><\/div><\/div><div class=\"kc-elm kc-css-459846 kc_col-sm-6 kc_column kc_col-sm-6\"><div class=\"kc-col-container\"><div class=\"kc_shortcode kc_single_image effect-default\"><img decoding=\"async\" src=\"https:\/\/liluak-vtt.com\/wp-content\/uploads\/2021\/03\/ecole-vtt-mcf-paysbasque.jpg\" class=\"\" alt=\"\" \/><\/div><\/div><\/div><\/div><\/div><\/section><section class=\"kc-elm kc-css-807948 kc_row\"><div class=\"kc-row-container  kc-container\"><div class=\"kc-wrap-columns\"><div class=\"kc-elm kc-css-537102 kc_col-sm-12 kc_column kc_col-sm-12\"><div class=\"kc-col-container\"><div class=\"kc-elm kc-css-268840 kc_row kc_row_inner\"><div class=\"kc-elm kc-css-484035 kc_col-sm-12 kc_column_inner kc_col-sm-12\"><div class=\"kc_wrapper kc-col-inner-container\">\n<div class=\"element-block-heading style-v2\">\n\t<div class=\"wrapper\">\n\t\t<div class=\"inner\">\n\t\t\t\n\t\t\t\t\t\t<h2 class=\"heading\">Nos partenaires<\/h2>\n\t\t\t\t\t\t\n\t\t\t\t\t<\/div>\n\t<\/div>\n<\/div>\t<div class=\"brands-collection owl-carousel-play\" id=\"productcarouse-636426032\" data-ride=\"carousel\">\n\t\t\t\t<div class=\"owl-carousel\" data-slide=\"5\"  data-singleItem=\"true\" data-navigation=\"false\" data-pagination=\"false\">\n\t\t\t\t\t\t\t\t \t\t\t\t \t\t<a href=\"https:\/\/www.culturevelo.com\/\" class=\"item-brand text-center\" title=\"Culture V\u00e9lo\">\n\t\t\t\t\t<img loading=\"lazy\" decoding=\"async\" width=\"400\" height=\"400\" src=\"https:\/\/liluak-vtt.com\/wp-content\/uploads\/2023\/05\/logo-culture-velo-anglet.jpeg\" class=\"attachment-brand-logo size-brand-logo wp-post-image\" alt=\"logo-culture-ve\u0301lo-anglet\" srcset=\"https:\/\/liluak-vtt.com\/wp-content\/uploads\/2023\/05\/logo-culture-velo-anglet.jpeg 400w, https:\/\/liluak-vtt.com\/wp-content\/uploads\/2023\/05\/logo-culture-velo-anglet-300x300.jpeg 300w, https:\/\/liluak-vtt.com\/wp-content\/uploads\/2023\/05\/logo-culture-velo-anglet-85x85.jpeg 85w, https:\/\/liluak-vtt.com\/wp-content\/uploads\/2023\/05\/logo-culture-velo-anglet-250x250.jpeg 250w, https:\/\/liluak-vtt.com\/wp-content\/uploads\/2023\/05\/logo-culture-velo-anglet-360x360.jpeg 360w\" sizes=\"auto, (max-width: 400px) 100vw, 400px\" \/>\t\t\t\t<\/a>\n\t\t\t\t\t\t\t\t\t\t\t\t \t\t\t\t \t\t<a href=\"https:\/\/www.izipizi.com\" class=\"item-brand text-center\" title=\"IZIPIZI\">\n\t\t\t\t\t<img loading=\"lazy\" decoding=\"async\" width=\"512\" height=\"512\" src=\"https:\/\/liluak-vtt.com\/wp-content\/uploads\/2022\/08\/logo-izipizi.jpeg\" class=\"attachment-brand-logo size-brand-logo wp-post-image\" alt=\"IZIPIZI LUNETTES PAYS BASQUE\" srcset=\"https:\/\/liluak-vtt.com\/wp-content\/uploads\/2022\/08\/logo-izipizi.jpeg 512w, https:\/\/liluak-vtt.com\/wp-content\/uploads\/2022\/08\/logo-izipizi-300x300.jpeg 300w, https:\/\/liluak-vtt.com\/wp-content\/uploads\/2022\/08\/logo-izipizi-85x85.jpeg 85w, https:\/\/liluak-vtt.com\/wp-content\/uploads\/2022\/08\/logo-izipizi-250x250.jpeg 250w, https:\/\/liluak-vtt.com\/wp-content\/uploads\/2022\/08\/logo-izipizi-360x360.jpeg 360w\" sizes=\"auto, (max-width: 512px) 100vw, 512px\" \/>\t\t\t\t<\/a>\n\t\t\t\t\t\t\t\t\t\t\t\t \t\t\t\t \t\t<a href=\"https:\/\/www.cube.eu\/fr\/cube-bikes\/\" class=\"item-brand text-center\" title=\"Cube Bike France\">\n\t\t\t\t\t<img loading=\"lazy\" decoding=\"async\" width=\"600\" height=\"400\" src=\"https:\/\/liluak-vtt.com\/wp-content\/uploads\/2021\/04\/vendre-son-velo-cube.png\" class=\"attachment-brand-logo size-brand-logo wp-post-image\" alt=\"cube-bike-france\" srcset=\"https:\/\/liluak-vtt.com\/wp-content\/uploads\/2021\/04\/vendre-son-velo-cube.png 600w, https:\/\/liluak-vtt.com\/wp-content\/uploads\/2021\/04\/vendre-son-velo-cube-300x200.png 300w\" sizes=\"auto, (max-width: 600px) 100vw, 600px\" \/>\t\t\t\t<\/a>\n\t\t\t\t\t\t\t\t\t\t\t\t \t\t\t\t \t\t<a href=\"http:\/\/www.lilikom.fr\" class=\"item-brand text-center\" title=\"Lilikom\">\n\t\t\t\t\t<img loading=\"lazy\" decoding=\"async\" width=\"346\" height=\"301\" src=\"https:\/\/liluak-vtt.com\/wp-content\/uploads\/2021\/04\/logo-lilikom-1.jpg\" class=\"attachment-brand-logo size-brand-logo wp-post-image\" alt=\"logo-lilikom\" srcset=\"https:\/\/liluak-vtt.com\/wp-content\/uploads\/2021\/04\/logo-lilikom-1.jpg 346w, https:\/\/liluak-vtt.com\/wp-content\/uploads\/2021\/04\/logo-lilikom-1-300x261.jpg 300w\" sizes=\"auto, (max-width: 346px) 100vw, 346px\" \/>\t\t\t\t<\/a>\n\t\t\t\t\t\t\t\t\t\t\t\t \t\t\t\t \t\t<a href=\"https:\/\/www.urrugne.fr\/\" class=\"item-brand text-center\" title=\"Mairie d&rsquo;Urrugne\">\n\t\t\t\t\t<img loading=\"lazy\" decoding=\"async\" width=\"346\" height=\"301\" src=\"https:\/\/liluak-vtt.com\/wp-content\/uploads\/2021\/04\/logo-mairie-urrugne.jpg\" class=\"attachment-brand-logo size-brand-logo wp-post-image\" alt=\"logo-mairie-urrugne\" srcset=\"https:\/\/liluak-vtt.com\/wp-content\/uploads\/2021\/04\/logo-mairie-urrugne.jpg 346w, https:\/\/liluak-vtt.com\/wp-content\/uploads\/2021\/04\/logo-mairie-urrugne-300x261.jpg 300w\" sizes=\"auto, (max-width: 346px) 100vw, 346px\" \/>\t\t\t\t<\/a>\n\t\t\t\t\t\t\t\t<\/div>\n\t<\/div>\t\t\n<\/div><\/div><\/div><\/div><\/div><\/div><\/div><\/section><\/p>\n","protected":false},"excerpt":{"rendered":"","protected":false},"author":1,"featured_media":0,"parent":0,"menu_order":0,"comment_status":"closed","ping_status":"closed","template":"","meta":{"footnotes":""},"class_list":["post-10163","page","type-page","status-publish","hentry","has-post-thumbnail"],"yoast_head":"<!-- This site is optimized with the Yoast SEO plugin v27.3 - https:\/\/yoast.com\/product\/yoast-seo-wordpress\/ -->\n<title>Qui sommes-nous ? - LILUAK VTT<\/title>\n<meta name=\"robots\" content=\"index, follow, max-snippet:-1, max-image-preview:large, max-video-preview:-1\" \/>\n<link rel=\"canonical\" href=\"https:\/\/liluak-vtt.com\/index.php\/qui-sommes-nous\/\" \/>\n<meta property=\"og:locale\" content=\"fr_FR\" \/>\n<meta property=\"og:type\" content=\"article\" \/>\n<meta property=\"og:title\" content=\"Qui sommes-nous ? - LILUAK VTT\" \/>\n<meta property=\"og:description\" content=\"Bienvenue chez Liluak VTT ! Alex Son histoire Natif du Pays Basque dans le sud-ouest de la France, Alex est depuis tout petit passionn\u00e9 de VTT.\u00a0 Ayant grandi au pied des montagnes Basques, il s&rsquo;est orient\u00e9 vers une pratique Freeride, sans contraintes, juste rouler avec les potes \u00e0 repousser ses propres limites.\u00a0 D\u00e9sireux de dynamiser &hellip; Continue reading Mairie d&rsquo;Urrugne &rarr;\" \/>\n<meta property=\"og:url\" content=\"https:\/\/liluak-vtt.com\/index.php\/qui-sommes-nous\/\" \/>\n<meta property=\"og:site_name\" content=\"LILUAK VTT\" \/>\n<meta property=\"article:publisher\" content=\"https:\/\/www.facebook.com\/liluakvtt\" \/>\n<meta property=\"article:modified_time\" content=\"2021-04-20T15:22:47+00:00\" \/>\n<meta property=\"og:image\" content=\"https:\/\/liluak-vtt.com\/wp-content\/uploads\/2021\/03\/team-liluakvtt.jpg\" \/>\n<meta name=\"twitter:card\" content=\"summary_large_image\" \/>\n<meta name=\"twitter:label1\" content=\"Dur\u00e9e de lecture estim\u00e9e\" \/>\n\t<meta name=\"twitter:data1\" content=\"4 minutes\" \/>\n<script type=\"application\/ld+json\" class=\"yoast-schema-graph\">{\"@context\":\"https:\\\/\\\/schema.org\",\"@graph\":[{\"@type\":\"WebPage\",\"@id\":\"https:\\\/\\\/liluak-vtt.com\\\/index.php\\\/qui-sommes-nous\\\/\",\"url\":\"https:\\\/\\\/liluak-vtt.com\\\/index.php\\\/qui-sommes-nous\\\/\",\"name\":\"Qui sommes-nous ? - LILUAK VTT\",\"isPartOf\":{\"@id\":\"https:\\\/\\\/liluak-vtt.com\\\/#website\"},\"primaryImageOfPage\":{\"@id\":\"https:\\\/\\\/liluak-vtt.com\\\/index.php\\\/qui-sommes-nous\\\/#primaryimage\"},\"image\":{\"@id\":\"https:\\\/\\\/liluak-vtt.com\\\/index.php\\\/qui-sommes-nous\\\/#primaryimage\"},\"thumbnailUrl\":\"https:\\\/\\\/liluak-vtt.com\\\/wp-content\\\/uploads\\\/2021\\\/03\\\/team-liluakvtt.jpg\",\"datePublished\":\"2016-09-22T08:28:32+00:00\",\"dateModified\":\"2021-04-20T15:22:47+00:00\",\"breadcrumb\":{\"@id\":\"https:\\\/\\\/liluak-vtt.com\\\/index.php\\\/qui-sommes-nous\\\/#breadcrumb\"},\"inLanguage\":\"fr-FR\",\"potentialAction\":[{\"@type\":\"ReadAction\",\"target\":[\"https:\\\/\\\/liluak-vtt.com\\\/index.php\\\/qui-sommes-nous\\\/\"]}]},{\"@type\":\"ImageObject\",\"inLanguage\":\"fr-FR\",\"@id\":\"https:\\\/\\\/liluak-vtt.com\\\/index.php\\\/qui-sommes-nous\\\/#primaryimage\",\"url\":\"https:\\\/\\\/liluak-vtt.com\\\/wp-content\\\/uploads\\\/2021\\\/03\\\/team-liluakvtt.jpg\",\"contentUrl\":\"https:\\\/\\\/liluak-vtt.com\\\/wp-content\\\/uploads\\\/2021\\\/03\\\/team-liluakvtt.jpg\",\"width\":1400,\"height\":1400,\"caption\":\"team-liluakvtt\"},{\"@type\":\"BreadcrumbList\",\"@id\":\"https:\\\/\\\/liluak-vtt.com\\\/index.php\\\/qui-sommes-nous\\\/#breadcrumb\",\"itemListElement\":[{\"@type\":\"ListItem\",\"position\":1,\"name\":\"Accueil\",\"item\":\"https:\\\/\\\/liluak-vtt.com\\\/\"},{\"@type\":\"ListItem\",\"position\":2,\"name\":\"Qui sommes-nous ?\"}]},{\"@type\":\"WebSite\",\"@id\":\"https:\\\/\\\/liluak-vtt.com\\\/#website\",\"url\":\"https:\\\/\\\/liluak-vtt.com\\\/\",\"name\":\"LILUAK VTT\",\"description\":\"Partez \u00e0 la d\u00e9couverte des sentiers du Pays Basque\",\"publisher\":{\"@id\":\"https:\\\/\\\/liluak-vtt.com\\\/#organization\"},\"potentialAction\":[{\"@type\":\"SearchAction\",\"target\":{\"@type\":\"EntryPoint\",\"urlTemplate\":\"https:\\\/\\\/liluak-vtt.com\\\/?s={search_term_string}\"},\"query-input\":{\"@type\":\"PropertyValueSpecification\",\"valueRequired\":true,\"valueName\":\"search_term_string\"}}],\"inLanguage\":\"fr-FR\"},{\"@type\":\"Organization\",\"@id\":\"https:\\\/\\\/liluak-vtt.com\\\/#organization\",\"name\":\"LILUAK VTT\",\"url\":\"https:\\\/\\\/liluak-vtt.com\\\/\",\"logo\":{\"@type\":\"ImageObject\",\"inLanguage\":\"fr-FR\",\"@id\":\"https:\\\/\\\/liluak-vtt.com\\\/#\\\/schema\\\/logo\\\/image\\\/\",\"url\":\"https:\\\/\\\/liluak-vtt.com\\\/wp-content\\\/uploads\\\/2021\\\/04\\\/logo-liluakvtt-urrugne.jpg\",\"contentUrl\":\"https:\\\/\\\/liluak-vtt.com\\\/wp-content\\\/uploads\\\/2021\\\/04\\\/logo-liluakvtt-urrugne.jpg\",\"width\":900,\"height\":900,\"caption\":\"LILUAK VTT\"},\"image\":{\"@id\":\"https:\\\/\\\/liluak-vtt.com\\\/#\\\/schema\\\/logo\\\/image\\\/\"},\"sameAs\":[\"https:\\\/\\\/www.facebook.com\\\/liluakvtt\",\"https:\\\/\\\/www.instagram.com\\\/liluak_vtt_paysbasque\\\/\",\"https:\\\/\\\/www.youtube.com\\\/channel\\\/UCTTTL8MCyvKaRz2rGhruOxA\"]}]}<\/script>\n<!-- \/ Yoast SEO plugin. -->","yoast_head_json":{"title":"Qui sommes-nous ? - LILUAK VTT","robots":{"index":"index","follow":"follow","max-snippet":"max-snippet:-1","max-image-preview":"max-image-preview:large","max-video-preview":"max-video-preview:-1"},"canonical":"https:\/\/liluak-vtt.com\/index.php\/qui-sommes-nous\/","og_locale":"fr_FR","og_type":"article","og_title":"Qui sommes-nous ? - LILUAK VTT","og_description":"Bienvenue chez Liluak VTT ! Alex Son histoire Natif du Pays Basque dans le sud-ouest de la France, Alex est depuis tout petit passionn\u00e9 de VTT.\u00a0 Ayant grandi au pied des montagnes Basques, il s&rsquo;est orient\u00e9 vers une pratique Freeride, sans contraintes, juste rouler avec les potes \u00e0 repousser ses propres limites.\u00a0 D\u00e9sireux de dynamiser &hellip; Continue reading Mairie d&rsquo;Urrugne &rarr;","og_url":"https:\/\/liluak-vtt.com\/index.php\/qui-sommes-nous\/","og_site_name":"LILUAK VTT","article_publisher":"https:\/\/www.facebook.com\/liluakvtt","article_modified_time":"2021-04-20T15:22:47+00:00","og_image":[{"url":"https:\/\/liluak-vtt.com\/wp-content\/uploads\/2021\/03\/team-liluakvtt.jpg","type":"","width":"","height":""}],"twitter_card":"summary_large_image","twitter_misc":{"Dur\u00e9e de lecture estim\u00e9e":"4 minutes"},"schema":{"@context":"https:\/\/schema.org","@graph":[{"@type":"WebPage","@id":"https:\/\/liluak-vtt.com\/index.php\/qui-sommes-nous\/","url":"https:\/\/liluak-vtt.com\/index.php\/qui-sommes-nous\/","name":"Qui sommes-nous ? - LILUAK VTT","isPartOf":{"@id":"https:\/\/liluak-vtt.com\/#website"},"primaryImageOfPage":{"@id":"https:\/\/liluak-vtt.com\/index.php\/qui-sommes-nous\/#primaryimage"},"image":{"@id":"https:\/\/liluak-vtt.com\/index.php\/qui-sommes-nous\/#primaryimage"},"thumbnailUrl":"https:\/\/liluak-vtt.com\/wp-content\/uploads\/2021\/03\/team-liluakvtt.jpg","datePublished":"2016-09-22T08:28:32+00:00","dateModified":"2021-04-20T15:22:47+00:00","breadcrumb":{"@id":"https:\/\/liluak-vtt.com\/index.php\/qui-sommes-nous\/#breadcrumb"},"inLanguage":"fr-FR","potentialAction":[{"@type":"ReadAction","target":["https:\/\/liluak-vtt.com\/index.php\/qui-sommes-nous\/"]}]},{"@type":"ImageObject","inLanguage":"fr-FR","@id":"https:\/\/liluak-vtt.com\/index.php\/qui-sommes-nous\/#primaryimage","url":"https:\/\/liluak-vtt.com\/wp-content\/uploads\/2021\/03\/team-liluakvtt.jpg","contentUrl":"https:\/\/liluak-vtt.com\/wp-content\/uploads\/2021\/03\/team-liluakvtt.jpg","width":1400,"height":1400,"caption":"team-liluakvtt"},{"@type":"BreadcrumbList","@id":"https:\/\/liluak-vtt.com\/index.php\/qui-sommes-nous\/#breadcrumb","itemListElement":[{"@type":"ListItem","position":1,"name":"Accueil","item":"https:\/\/liluak-vtt.com\/"},{"@type":"ListItem","position":2,"name":"Qui sommes-nous ?"}]},{"@type":"WebSite","@id":"https:\/\/liluak-vtt.com\/#website","url":"https:\/\/liluak-vtt.com\/","name":"LILUAK VTT","description":"Partez \u00e0 la d\u00e9couverte des sentiers du Pays Basque","publisher":{"@id":"https:\/\/liluak-vtt.com\/#organization"},"potentialAction":[{"@type":"SearchAction","target":{"@type":"EntryPoint","urlTemplate":"https:\/\/liluak-vtt.com\/?s={search_term_string}"},"query-input":{"@type":"PropertyValueSpecification","valueRequired":true,"valueName":"search_term_string"}}],"inLanguage":"fr-FR"},{"@type":"Organization","@id":"https:\/\/liluak-vtt.com\/#organization","name":"LILUAK VTT","url":"https:\/\/liluak-vtt.com\/","logo":{"@type":"ImageObject","inLanguage":"fr-FR","@id":"https:\/\/liluak-vtt.com\/#\/schema\/logo\/image\/","url":"https:\/\/liluak-vtt.com\/wp-content\/uploads\/2021\/04\/logo-liluakvtt-urrugne.jpg","contentUrl":"https:\/\/liluak-vtt.com\/wp-content\/uploads\/2021\/04\/logo-liluakvtt-urrugne.jpg","width":900,"height":900,"caption":"LILUAK VTT"},"image":{"@id":"https:\/\/liluak-vtt.com\/#\/schema\/logo\/image\/"},"sameAs":["https:\/\/www.facebook.com\/liluakvtt","https:\/\/www.instagram.com\/liluak_vtt_paysbasque\/","https:\/\/www.youtube.com\/channel\/UCTTTL8MCyvKaRz2rGhruOxA"]}]}},"_links":{"self":[{"href":"https:\/\/liluak-vtt.com\/index.php\/wp-json\/wp\/v2\/pages\/10163","targetHints":{"allow":["GET"]}}],"collection":[{"href":"https:\/\/liluak-vtt.com\/index.php\/wp-json\/wp\/v2\/pages"}],"about":[{"href":"https:\/\/liluak-vtt.com\/index.php\/wp-json\/wp\/v2\/types\/page"}],"author":[{"embeddable":true,"href":"https:\/\/liluak-vtt.com\/index.php\/wp-json\/wp\/v2\/users\/1"}],"replies":[{"embeddable":true,"href":"https:\/\/liluak-vtt.com\/index.php\/wp-json\/wp\/v2\/comments?post=10163"}],"version-history":[{"count":113,"href":"https:\/\/liluak-vtt.com\/index.php\/wp-json\/wp\/v2\/pages\/10163\/revisions"}],"predecessor-version":[{"id":13310,"href":"https:\/\/liluak-vtt.com\/index.php\/wp-json\/wp\/v2\/pages\/10163\/revisions\/13310"}],"wp:attachment":[{"href":"https:\/\/liluak-vtt.com\/index.php\/wp-json\/wp\/v2\/media?parent=10163"}],"curies":[{"name":"wp","href":"https:\/\/api.w.org\/{rel}","templated":true}]}}