{"id":12304,"date":"2021-03-24T09:31:16","date_gmt":"2021-03-24T08:31:16","guid":{"rendered":"http:\/\/liluak-vtt.com\/?page_id=12304"},"modified":"2024-03-06T11:07:53","modified_gmt":"2024-03-06T10:07:53","slug":"ecole-de-vtt-liluak-pour-les-adultes","status":"publish","type":"page","link":"https:\/\/liluak-vtt.com\/index.php\/ecole-de-vtt-liluak-pour-les-adultes\/","title":{"rendered":"Ecole de VTT Liluak pour les adultes"},"content":{"rendered":"<p><section class=\"kc-elm kc-css-269437 kc_row\"><div class=\"kc-row-container  kc-container\"><div class=\"kc-wrap-columns\"><div class=\"kc-elm kc-css-359956 kc_col-sm-12 kc_column kc_col-sm-12\"><div class=\"kc-col-container\">\n<div class=\"element-block-heading style-default\">\n\t<div class=\"wrapper\">\n\t\t<div class=\"inner\">\n\t\t\t\n\t\t\t\t\t\t<h2 class=\"heading\">Cours pour ados \/ adultes<\/h2>\n\t\t\t\t\t\t\n\t\t\t\t\t<\/div>\n\t<\/div>\n<\/div><div class=\"kc-elm kc-css-394018\" style=\"height: 50px; clear: both; width:100%;\"><\/div><div class=\"kc-elm kc-css-345435 kc_text_block\"><\/p>\n<p dir=\"ltr\" style=\"line-height: 1.38; margin-top: 0pt; margin-bottom: 0pt;\"><span style=\"font-size: 11pt; font-family: Arial; color: #000000; background-color: transparent; font-weight: 400; font-style: normal; font-variant: normal; text-decoration: none; vertical-align: baseline; white-space: pre-wrap;\">Ici on parle de trajectoire, encha\u00eenement de virages, franchissement, impulsions, propulsion\u2026 mais aussi de l\u2019entretien et des r\u00e9glages de votre mat\u00e9riel.\u00a0<\/span><\/p>\n<p dir=\"ltr\" style=\"line-height: 1.38; margin-top: 0pt; margin-bottom: 0pt;\"><span style=\"font-size: 11pt; font-family: Arial; color: #000000; background-color: transparent; font-weight: 400; font-style: normal; font-variant: normal; text-decoration: none; vertical-align: baseline; white-space: pre-wrap;\">Nous vous proposons plusieurs formules <\/span><span style=\"font-size: 11pt; font-family: Arial; color: #000000; background-color: transparent; font-weight: bold; font-style: normal; font-variant: normal; text-decoration: none; vertical-align: baseline; white-space: pre-wrap;\">adapt\u00e9es \u00e0 votre pratique<\/span><span style=\"font-size: 11pt; font-family: Arial; color: #000000; background-color: transparent; font-weight: 400; font-style: normal; font-variant: normal; text-decoration: none; vertical-align: baseline; white-space: pre-wrap;\">.\u00a0<\/span><\/p>\n<p><span id=\"docs-internal-guid-4fe93fc6-7fff-34ee-6778-fa1b88759fdc\"><span style=\"font-size: 11pt; font-family: Arial; color: #000000; background-color: transparent; font-variant-numeric: normal; font-variant-east-asian: normal; vertical-align: baseline; white-space: pre-wrap;\">Notre objectif ? Vous faire<\/span><span style=\"font-size: 11pt; font-family: Arial; color: #000000; background-color: transparent; font-weight: bold; font-variant-numeric: normal; font-variant-east-asian: normal; vertical-align: baseline; white-space: pre-wrap;\"> progresser rapidement<\/span><span style=\"font-size: 11pt; font-family: Arial; color: #000000; background-color: transparent; font-variant-numeric: normal; font-variant-east-asian: normal; vertical-align: baseline; white-space: pre-wrap;\"> \u00e0 l\u2019aide de s\u00e9ances ludiques et <\/span><span style=\"font-size: 11pt; font-family: Arial; color: #000000; background-color: transparent; font-weight: bold; font-variant-numeric: normal; font-variant-east-asian: normal; vertical-align: baseline; white-space: pre-wrap;\">adapt\u00e9es \u00e0 votre niveau en VTT ou VTT AE.<\/span><\/span><\/p>\n<p>\n<\/div><div class=\"kc-elm kc-css-240875\" style=\"height: 50px; clear: both; width:100%;\"><\/div><\/div><\/div><\/div><\/div><\/section><section class=\"kc-elm kc-css-106069 kc_row\"><div class=\"kc-row-container  kc-container\"><div class=\"kc-wrap-columns\"><div class=\"kc-elm kc-css-994185 kc_col-sm-4 kc_column kc_col-sm-4\"><div class=\"kc-col-container\"><div class=\"kc-elm kc-css-116564\" style=\"height: 90px; clear: both; width:100%;\"><\/div>\n<div class=\"kc-elm kc-css-860600 kc-pricing-tables kc-pricing-layout-2 kc-price-before-currency\">\n\n\t<div class=\"header-pricing\"><div class=\"content-title\">Cours VTT Electrique<\/div><div class=\"kc-pricing-price\"><span class=\"content-price\">80<\/span><span class=\"content-currency\">\u20ac*<\/span><span class=\"content-duration\">\/personne<\/span><\/div><\/div><ul class=\"content-desc\"><li>Dur\u00e9e 2h\r <\/li><li>\r <\/li><li>Vous venez d\u2019acqu\u00e9rir un superbe VTT \u00e9lectrique mais vous ne vous sentez pas encore \u00e0 l\u2019aise pour aller explorer tous les chemins.\r <\/li><li>\r <\/li><li>Cette offre vous propose une s\u00e9ance de 2h pour apprendre \u00e0 ma\u00eetriser son VTT \u00e9lectrique, piloter avec l\u2019assistance et optimiser l\u2019utilisation de son VTTAE. \r <\/li><li>\r <\/li><li>R\u00e9servation du stage au 06 03 77 11 35\r <\/li><li>ou par mail\r <\/li><li>\r <\/li><li>* 65\u20ac par personne pour un groupe de 2 \u00e0 6 personnes. <\/li><\/ul><div class=\"content-button\"><a href=\"http:\/\/liluak-vtt.com\/index.php\/contact-liluakvtt\/\">Nous \u00e9crire<\/a><\/div>\n<\/div>\n<\/div><\/div><div class=\"kc-elm kc-css-727899 kc_col-sm-4 kc_column kc_col-sm-4\"><div class=\"kc-col-container\"><div class=\"kc-elm kc-css-516762\" style=\"height: 90px; clear: both; width:100%;\"><\/div>\n<div class=\"kc-elm kc-css-300356 kc-pricing-tables kc-pricing-layout-2 kc-price-before-currency\">\n\n\t<div class=\"header-pricing\"><div class=\"content-title\">Stage 1\/2j VTT ou VTTAE<\/div><div class=\"kc-pricing-price\"><span class=\"content-price\">150<\/span><span class=\"content-currency\">\u20ac*<\/span><span class=\"content-duration\">\/personne<\/span><\/div><\/div><ul class=\"content-desc\"><li>Dur\u00e9e : 4h \r <\/li><li>\r <\/li><li>Profitez d\u2019une \u00bd journ\u00e9e pour progresser rapidement.\r <\/li><li>\r <\/li><li>Cette formule comprend 1h30 de cours sur le Bike Park et 2h30 de ride sur les trails du coin. \r <\/li><li>\r <\/li><li>R\u00e9servation au 06 03 77 11 35\r <\/li><li>ou par mail\r <\/li><li>\r <\/li><li>* 80\u20ac par personne pour un groupe de 2 \u00e0 6 personnes. <\/li><\/ul><div class=\"content-button\"><a href=\"http:\/\/liluak-vtt.com\/index.php\/contact-liluakvtt\/\">Nous \u00e9crire<\/a><\/div>\n<\/div>\n<\/div><\/div><div class=\"kc-elm kc-css-731787 kc_col-sm-4 kc_column kc_col-sm-4\"><div class=\"kc-col-container\"><div class=\"kc-elm kc-css-74360\" style=\"height: 90px; clear: both; width:100%;\"><\/div>\n<div class=\"kc-elm kc-css-291950 kc-pricing-tables kc-pricing-layout-2 kc-price-before-currency\">\n\n\t<div class=\"header-pricing\"><div class=\"content-title\">Pack 3 s\u00e9ances individuelles de 2h <\/div><div class=\"kc-pricing-price\"><span class=\"content-price\">220<\/span><span class=\"content-currency\">\u20ac<\/span><span class=\"content-duration\">\/personne<\/span><\/div><\/div><ul class=\"content-desc\"><li>Dur\u00e9e : 2h\r <\/li><li>\r <\/li><li>R\u00e9servation selon vos disponibilit\u00e9s, pour progresser \u00e0 votre rythme avec un moniteur rien que pour vous.\r <\/li><li>\r <\/li><li>R\u00e9servation au 06 03 77 11 35\r <\/li><li>ou par mail <\/li><\/ul><div class=\"content-button\"><a href=\"http:\/\/liluak-vtt.com\/index.php\/contact-liluakvtt\/\">Nous \u00e9crire<\/a><\/div>\n<\/div>\n<\/div><\/div><\/div><\/div><\/section><section class=\"kc-elm kc-css-371365 kc_row\"><div class=\"kc-row-container  kc-container\"><div class=\"kc-wrap-columns\"><div class=\"kc-elm kc-css-909581 kc_col-sm-6 kc_column kc_col-sm-6\"><div class=\"kc-col-container\"><div class=\"kc-elm kc-css-249065\" style=\"height: 51px; clear: both; width:100%;\"><\/div>\n\t<div class=\"kc-elm kc-css-716277 kc_shortcode kc_video_play kc_video_wrapper\" data-video=\"https:\/\/www.youtube.com\/watch?v=-Uf6f71TLTA\" data-width=\"550\" data-height=\"310.73446327684\" data-fullwidth=\"\" data-autoplay=\"yes\" data-loop=\"yes\" data-control=\"yes\" data-related=\"\" data-showinfo=\"\" data-kc-video-mute=\"yes\">\n\t\t\t<\/div>\n\n<\/div><\/div><div class=\"kc-elm kc-css-311409 kc_col-sm-6 kc_column kc_col-sm-6\"><div class=\"kc-col-container\"><div class=\"kc-elm kc-css-739238\" style=\"height: 51px; clear: both; width:100%;\"><\/div><div class=\"kc-elm kc-css-628946 kc_text_block\"><\/p>\n<p>\n<span style=\"font-weight: 400;\">Ces tarifs comprennent :<\/span><\/p>\n<ul>\n<li style=\"font-weight: 400;\" aria-level=\"1\"><span style=\"font-weight: 400;\">L\u2019encadrement par un moniteur dipl\u00f4m\u00e9 d\u2019Etat<\/span><\/li>\n<li style=\"font-weight: 400;\" aria-level=\"1\"><span style=\"font-weight: 400;\">L\u2019acc\u00e8s \u00e0 notre terrain p\u00e9dagogique <\/span><\/li>\n<\/ul>\n<p>\n<\/div><div class=\"kc-elm kc-css-968093\" style=\"height: 40px; clear: both; width:100%;\"><\/div><div class=\"kc-elm kc-css-465338 kc_text_block\"><\/p>\n<p>\n<span style=\"font-weight: 400;\">Ces tarifs ne comprennent pas :<\/span><\/p>\n<ul>\n<li style=\"font-weight: 400;\" aria-level=\"1\"><span style=\"font-weight: 400;\">Le VTT<\/span><\/li>\n<li style=\"font-weight: 400;\" aria-level=\"1\"><span style=\"font-weight: 400;\">Les assurances personnelles<\/span><\/li>\n<li style=\"font-weight: 400;\" aria-level=\"1\"><span style=\"font-weight: 400;\">Le mat\u00e9riel de r\u00e9paration n\u00e9cessaire au VTT personnel (chambre \u00e0 air \u00e0 la bonne taille de roue)<\/span><\/li>\n<\/ul>\n<p>\n<\/div><\/div><\/div><\/div><\/div><\/section><\/p>\n","protected":false},"excerpt":{"rendered":"","protected":false},"author":1,"featured_media":0,"parent":0,"menu_order":0,"comment_status":"closed","ping_status":"closed","template":"","meta":{"footnotes":""},"class_list":["post-12304","page","type-page","status-publish","hentry"],"yoast_head":"<!-- This site is optimized with the Yoast SEO plugin v27.4 - https:\/\/yoast.com\/product\/yoast-seo-wordpress\/ -->\n<title>Ecole de VTT Liluak pour les adultes - LILUAK VTT<\/title>\n<meta name=\"description\" content=\"L&#039;\u00e9cole de VTT Liluak propose des cours et stages de perfectionnement en VTT pour adultes au Pays Basque.\" \/>\n<meta name=\"robots\" content=\"index, follow, max-snippet:-1, max-image-preview:large, max-video-preview:-1\" \/>\n<link rel=\"canonical\" href=\"https:\/\/liluak-vtt.com\/index.php\/ecole-de-vtt-liluak-pour-les-adultes\/\" \/>\n<meta property=\"og:locale\" content=\"fr_FR\" \/>\n<meta property=\"og:type\" content=\"article\" \/>\n<meta property=\"og:title\" content=\"Ecole de VTT Liluak pour les adultes - LILUAK VTT\" \/>\n<meta property=\"og:description\" content=\"L&#039;\u00e9cole de VTT Liluak propose des cours et stages de perfectionnement en VTT pour adultes au Pays Basque.\" \/>\n<meta property=\"og:url\" content=\"https:\/\/liluak-vtt.com\/index.php\/ecole-de-vtt-liluak-pour-les-adultes\/\" \/>\n<meta property=\"og:site_name\" content=\"LILUAK VTT\" \/>\n<meta property=\"article:publisher\" content=\"https:\/\/www.facebook.com\/liluakvtt\" \/>\n<meta property=\"article:modified_time\" content=\"2024-03-06T10:07:53+00:00\" \/>\n<meta name=\"twitter:card\" content=\"summary_large_image\" \/>\n<meta name=\"twitter:label1\" content=\"Dur\u00e9e de lecture estim\u00e9e\" \/>\n\t<meta name=\"twitter:data1\" content=\"1 minute\" \/>\n<script type=\"application\/ld+json\" class=\"yoast-schema-graph\">{\"@context\":\"https:\\\/\\\/schema.org\",\"@graph\":[{\"@type\":\"WebPage\",\"@id\":\"https:\\\/\\\/liluak-vtt.com\\\/index.php\\\/ecole-de-vtt-liluak-pour-les-adultes\\\/\",\"url\":\"https:\\\/\\\/liluak-vtt.com\\\/index.php\\\/ecole-de-vtt-liluak-pour-les-adultes\\\/\",\"name\":\"Ecole de VTT Liluak pour les adultes - LILUAK VTT\",\"isPartOf\":{\"@id\":\"https:\\\/\\\/liluak-vtt.com\\\/#website\"},\"datePublished\":\"2021-03-24T08:31:16+00:00\",\"dateModified\":\"2024-03-06T10:07:53+00:00\",\"description\":\"L'\u00e9cole de VTT Liluak propose des cours et stages de perfectionnement en VTT pour adultes au Pays Basque.\",\"breadcrumb\":{\"@id\":\"https:\\\/\\\/liluak-vtt.com\\\/index.php\\\/ecole-de-vtt-liluak-pour-les-adultes\\\/#breadcrumb\"},\"inLanguage\":\"fr-FR\",\"potentialAction\":[{\"@type\":\"ReadAction\",\"target\":[\"https:\\\/\\\/liluak-vtt.com\\\/index.php\\\/ecole-de-vtt-liluak-pour-les-adultes\\\/\"]}]},{\"@type\":\"BreadcrumbList\",\"@id\":\"https:\\\/\\\/liluak-vtt.com\\\/index.php\\\/ecole-de-vtt-liluak-pour-les-adultes\\\/#breadcrumb\",\"itemListElement\":[{\"@type\":\"ListItem\",\"position\":1,\"name\":\"Accueil\",\"item\":\"https:\\\/\\\/liluak-vtt.com\\\/\"},{\"@type\":\"ListItem\",\"position\":2,\"name\":\"Ecole de VTT Liluak pour les adultes\"}]},{\"@type\":\"WebSite\",\"@id\":\"https:\\\/\\\/liluak-vtt.com\\\/#website\",\"url\":\"https:\\\/\\\/liluak-vtt.com\\\/\",\"name\":\"LILUAK VTT\",\"description\":\"Partez \u00e0 la d\u00e9couverte des sentiers du Pays Basque\",\"publisher\":{\"@id\":\"https:\\\/\\\/liluak-vtt.com\\\/#organization\"},\"potentialAction\":[{\"@type\":\"SearchAction\",\"target\":{\"@type\":\"EntryPoint\",\"urlTemplate\":\"https:\\\/\\\/liluak-vtt.com\\\/?s={search_term_string}\"},\"query-input\":{\"@type\":\"PropertyValueSpecification\",\"valueRequired\":true,\"valueName\":\"search_term_string\"}}],\"inLanguage\":\"fr-FR\"},{\"@type\":\"Organization\",\"@id\":\"https:\\\/\\\/liluak-vtt.com\\\/#organization\",\"name\":\"LILUAK VTT\",\"url\":\"https:\\\/\\\/liluak-vtt.com\\\/\",\"logo\":{\"@type\":\"ImageObject\",\"inLanguage\":\"fr-FR\",\"@id\":\"https:\\\/\\\/liluak-vtt.com\\\/#\\\/schema\\\/logo\\\/image\\\/\",\"url\":\"https:\\\/\\\/liluak-vtt.com\\\/wp-content\\\/uploads\\\/2021\\\/04\\\/logo-liluakvtt-urrugne.jpg\",\"contentUrl\":\"https:\\\/\\\/liluak-vtt.com\\\/wp-content\\\/uploads\\\/2021\\\/04\\\/logo-liluakvtt-urrugne.jpg\",\"width\":900,\"height\":900,\"caption\":\"LILUAK VTT\"},\"image\":{\"@id\":\"https:\\\/\\\/liluak-vtt.com\\\/#\\\/schema\\\/logo\\\/image\\\/\"},\"sameAs\":[\"https:\\\/\\\/www.facebook.com\\\/liluakvtt\",\"https:\\\/\\\/www.instagram.com\\\/liluak_vtt_paysbasque\\\/\",\"https:\\\/\\\/www.youtube.com\\\/channel\\\/UCTTTL8MCyvKaRz2rGhruOxA\"]}]}<\/script>\n<!-- \/ Yoast SEO plugin. -->","yoast_head_json":{"title":"Ecole de VTT Liluak pour les adultes - LILUAK VTT","description":"L'\u00e9cole de VTT Liluak propose des cours et stages de perfectionnement en VTT pour adultes au Pays Basque.","robots":{"index":"index","follow":"follow","max-snippet":"max-snippet:-1","max-image-preview":"max-image-preview:large","max-video-preview":"max-video-preview:-1"},"canonical":"https:\/\/liluak-vtt.com\/index.php\/ecole-de-vtt-liluak-pour-les-adultes\/","og_locale":"fr_FR","og_type":"article","og_title":"Ecole de VTT Liluak pour les adultes - LILUAK VTT","og_description":"L'\u00e9cole de VTT Liluak propose des cours et stages de perfectionnement en VTT pour adultes au Pays Basque.","og_url":"https:\/\/liluak-vtt.com\/index.php\/ecole-de-vtt-liluak-pour-les-adultes\/","og_site_name":"LILUAK VTT","article_publisher":"https:\/\/www.facebook.com\/liluakvtt","article_modified_time":"2024-03-06T10:07:53+00:00","twitter_card":"summary_large_image","twitter_misc":{"Dur\u00e9e de lecture estim\u00e9e":"1 minute"},"schema":{"@context":"https:\/\/schema.org","@graph":[{"@type":"WebPage","@id":"https:\/\/liluak-vtt.com\/index.php\/ecole-de-vtt-liluak-pour-les-adultes\/","url":"https:\/\/liluak-vtt.com\/index.php\/ecole-de-vtt-liluak-pour-les-adultes\/","name":"Ecole de VTT Liluak pour les adultes - LILUAK VTT","isPartOf":{"@id":"https:\/\/liluak-vtt.com\/#website"},"datePublished":"2021-03-24T08:31:16+00:00","dateModified":"2024-03-06T10:07:53+00:00","description":"L'\u00e9cole de VTT Liluak propose des cours et stages de perfectionnement en VTT pour adultes au Pays Basque.","breadcrumb":{"@id":"https:\/\/liluak-vtt.com\/index.php\/ecole-de-vtt-liluak-pour-les-adultes\/#breadcrumb"},"inLanguage":"fr-FR","potentialAction":[{"@type":"ReadAction","target":["https:\/\/liluak-vtt.com\/index.php\/ecole-de-vtt-liluak-pour-les-adultes\/"]}]},{"@type":"BreadcrumbList","@id":"https:\/\/liluak-vtt.com\/index.php\/ecole-de-vtt-liluak-pour-les-adultes\/#breadcrumb","itemListElement":[{"@type":"ListItem","position":1,"name":"Accueil","item":"https:\/\/liluak-vtt.com\/"},{"@type":"ListItem","position":2,"name":"Ecole de VTT Liluak pour les adultes"}]},{"@type":"WebSite","@id":"https:\/\/liluak-vtt.com\/#website","url":"https:\/\/liluak-vtt.com\/","name":"LILUAK VTT","description":"Partez \u00e0 la d\u00e9couverte des sentiers du Pays Basque","publisher":{"@id":"https:\/\/liluak-vtt.com\/#organization"},"potentialAction":[{"@type":"SearchAction","target":{"@type":"EntryPoint","urlTemplate":"https:\/\/liluak-vtt.com\/?s={search_term_string}"},"query-input":{"@type":"PropertyValueSpecification","valueRequired":true,"valueName":"search_term_string"}}],"inLanguage":"fr-FR"},{"@type":"Organization","@id":"https:\/\/liluak-vtt.com\/#organization","name":"LILUAK VTT","url":"https:\/\/liluak-vtt.com\/","logo":{"@type":"ImageObject","inLanguage":"fr-FR","@id":"https:\/\/liluak-vtt.com\/#\/schema\/logo\/image\/","url":"https:\/\/liluak-vtt.com\/wp-content\/uploads\/2021\/04\/logo-liluakvtt-urrugne.jpg","contentUrl":"https:\/\/liluak-vtt.com\/wp-content\/uploads\/2021\/04\/logo-liluakvtt-urrugne.jpg","width":900,"height":900,"caption":"LILUAK VTT"},"image":{"@id":"https:\/\/liluak-vtt.com\/#\/schema\/logo\/image\/"},"sameAs":["https:\/\/www.facebook.com\/liluakvtt","https:\/\/www.instagram.com\/liluak_vtt_paysbasque\/","https:\/\/www.youtube.com\/channel\/UCTTTL8MCyvKaRz2rGhruOxA"]}]}},"_links":{"self":[{"href":"https:\/\/liluak-vtt.com\/index.php\/wp-json\/wp\/v2\/pages\/12304","targetHints":{"allow":["GET"]}}],"collection":[{"href":"https:\/\/liluak-vtt.com\/index.php\/wp-json\/wp\/v2\/pages"}],"about":[{"href":"https:\/\/liluak-vtt.com\/index.php\/wp-json\/wp\/v2\/types\/page"}],"author":[{"embeddable":true,"href":"https:\/\/liluak-vtt.com\/index.php\/wp-json\/wp\/v2\/users\/1"}],"replies":[{"embeddable":true,"href":"https:\/\/liluak-vtt.com\/index.php\/wp-json\/wp\/v2\/comments?post=12304"}],"version-history":[{"count":62,"href":"https:\/\/liluak-vtt.com\/index.php\/wp-json\/wp\/v2\/pages\/12304\/revisions"}],"predecessor-version":[{"id":15013,"href":"https:\/\/liluak-vtt.com\/index.php\/wp-json\/wp\/v2\/pages\/12304\/revisions\/15013"}],"wp:attachment":[{"href":"https:\/\/liluak-vtt.com\/index.php\/wp-json\/wp\/v2\/media?parent=12304"}],"curies":[{"name":"wp","href":"https:\/\/api.w.org\/{rel}","templated":true}]}}