{"id":3,"date":"2021-02-10T11:29:43","date_gmt":"2021-02-10T10:29:43","guid":{"rendered":"http:\/\/liluak-vtt.com\/?page_id=3"},"modified":"2025-02-03T14:48:34","modified_gmt":"2025-02-03T13:48:34","slug":"mentions-legales","status":"publish","type":"page","link":"https:\/\/liluak-vtt.com\/index.php\/mentions-legales\/","title":{"rendered":"Mentions l\u00e9gales"},"content":{"rendered":"\n<p><strong><span class=\"has-inline-color has-luminous-vivid-orange-color\">Identification<\/span><\/strong><\/p>\n\n\n\n<ul class=\"wp-block-list\">\n<li>Liluak VTT &#8211; 290 chemin de Inzola &#8211; 64122 Urrugne<\/li>\n\n\n\n<li>Directeur de publication: Alexis Delgado <\/li>\n\n\n\n<li>Contact :\u00a0liluakvtt@gmail.com<\/li>\n\n\n\n<li>Site internet cr\u00e9\u00e9 par www.lilikom.fr<\/li>\n\n\n\n<li>Site internet h\u00e9berg\u00e9 chez OVH \/ 2 rue Kellermann \u2013 59100 Roubaix \u2013 France.<\/li>\n<\/ul>\n\n\n\n<p><strong><span class=\"has-inline-color has-luminous-vivid-orange-color\">Activit\u00e9<\/span><\/strong><\/p>\n\n\n\n<ul class=\"wp-block-list\">\n<li>N\u00b0 Siret : 829 276 682<\/li>\n\n\n\n<li>Les prix affich\u00e9s sont en TTC et en euros.<\/li>\n<\/ul>\n\n\n\n<p><strong><span class=\"has-inline-color has-luminous-vivid-orange-color\">Objet du site<\/span><\/strong><\/p>\n\n\n\n<p>Ce site internet www.liluak-vtt.com a \u00e9t\u00e9 \u00e9labor\u00e9 pour tous les internautes d\u00e9sireux de mieux conna\u00eetre les activit\u00e9s propos\u00e9es par Liluak VTT ainsi que pouvoir r\u00e9server des randonn\u00e9es guid\u00e9es en ligne.<\/p>\n\n\n\n<p><strong><span class=\"has-inline-color has-luminous-vivid-orange-color\">Informations \u2013 Cr\u00e9dits photos<\/span><\/strong><\/p>\n\n\n\n<p>La structure g\u00e9n\u00e9rale, ainsi que les textes, images anim\u00e9es ou non, sons, logos et tout autre \u00e9l\u00e9ment composant ce site sont la propri\u00e9t\u00e9 exclusive de l\u2019exploitant du site. Toute repr\u00e9sentation totale ou partielle de ce site, par quelque proc\u00e9d\u00e9 que ce soit, sans l\u2019autorisation expresse de l\u2019exploitant du site est interdite et constituerait une contrefa\u00e7on sanctionn\u00e9e par les articles L.335-2 et suivants du Code de la propri\u00e9t\u00e9 intellectuelle.<\/p>\n\n\n\n<p><strong><span class=\"has-inline-color has-luminous-vivid-orange-color\">Mentions relatives aux&nbsp;donn\u00e9es personnelles<\/span><\/strong><\/p>\n\n\n\n<p>Certaines informations \u00e0 caract\u00e8re personnel sont collect\u00e9es sur ce Site. Par Information \u00e0 caract\u00e8re personnel, on entend \u00bb les informations qui permettent, sous quelque forme que ce soit, directement ou non, l\u2019identification des personnes physiques auxquelles elles s\u2019appliquent \u00bb.<br>La collecte et le traitement des donn\u00e9es \u00e0 caract\u00e8re personnel de l\u2019utilisateur se font dans le respect de la loi fran\u00e7aise (loi n\u00b0 78-17 du 6 janvier 1978 modifi\u00e9e par la loi du 6 ao\u00fbt 2004) et des directives europ\u00e9ennes sur la protection des donn\u00e9es personnelles (Dir 2002\/58 12 Juillet 2002 et Directive 95\/46 du 24 Octobre 1995).<br>En vertu de la loi fran\u00e7aise, l\u2019utilisateur b\u00e9n\u00e9ficie d\u2019un droit d\u2019acc\u00e8s, de rectification ou d\u2019opposition sur les donn\u00e9es \u00e0 caract\u00e8re personnel collect\u00e9es qui le concernent.<br>Ces droits peuvent \u00eatre exerc\u00e9s, en choisissant la rubrique Contact du Site ou en envoyant un courrier \u00e9lectronique adress\u00e9 \u00e0 :&nbsp;liluakvtt@gmail.com<\/p>\n\n\n\n<p>Aucune information \u00e0 caract\u00e8re personnel concernant l\u2019utilisateur n\u2019est c\u00e9d\u00e9e \u00e0 des tiers ou utilis\u00e9e \u00e0 des fins non pr\u00e9vues. Elles pourront n\u00e9anmoins \u00eatre utilis\u00e9es pour des traitements \u00e0 des fins de statistiques anonymes.<\/p>\n\n\n\n<p><strong><span class=\"has-inline-color has-luminous-vivid-orange-color\">Cookies<\/span><\/strong><\/p>\n\n\n\n<p>Cookie stockant des informations relatives \u00e0 la navigation de l\u2019utilisateur.<br>En outre, ce Site utilise Google Analytics, un service d\u2019analyse de site internet fourni par Google Inc. (ci-apr\u00e8s d\u00e9nomm\u00e9 \u00ab Google \u00bb). Google Analytics utilise des cookies pour aider LILUAK VTT \u00e0 analyser l\u2019utilisation du Site par ses utilisateurs.<\/p>\n","protected":false},"excerpt":{"rendered":"<p>Identification Activit\u00e9 Objet du site Ce site internet www.liluak-vtt.com a \u00e9t\u00e9 \u00e9labor\u00e9 pour tous les internautes d\u00e9sireux de mieux conna\u00eetre les activit\u00e9s propos\u00e9es par Liluak VTT ainsi que pouvoir r\u00e9server des randonn\u00e9es guid\u00e9es en ligne. Informations \u2013 Cr\u00e9dits photos La structure g\u00e9n\u00e9rale, ainsi que les textes, images anim\u00e9es ou non, sons, logos et tout autre &hellip; <a href=\"https:\/\/liluak-vtt.com\/index.php\/mentions-legales\/\" class=\"more-link\">Continue reading <span class=\"screen-reader-text\">Mentions l\u00e9gales<\/span> <span class=\"meta-nav\">&rarr;<\/span><\/a><\/p>\n","protected":false},"author":1,"featured_media":12786,"parent":0,"menu_order":0,"comment_status":"closed","ping_status":"open","template":"","meta":{"footnotes":""},"class_list":["post-3","page","type-page","status-publish","has-post-thumbnail","hentry"],"yoast_head":"<!-- This site is optimized with the Yoast SEO plugin v27.4 - https:\/\/yoast.com\/product\/yoast-seo-wordpress\/ -->\n<title>Mentions l\u00e9gales - LILUAK VTT<\/title>\n<meta name=\"robots\" content=\"index, follow, max-snippet:-1, max-image-preview:large, max-video-preview:-1\" \/>\n<link rel=\"canonical\" href=\"https:\/\/liluak-vtt.com\/index.php\/mentions-legales\/\" \/>\n<meta property=\"og:locale\" content=\"fr_FR\" \/>\n<meta property=\"og:type\" content=\"article\" \/>\n<meta property=\"og:title\" content=\"Mentions l\u00e9gales - LILUAK VTT\" \/>\n<meta property=\"og:description\" content=\"Identification Activit\u00e9 Objet du site Ce site internet www.liluak-vtt.com a \u00e9t\u00e9 \u00e9labor\u00e9 pour tous les internautes d\u00e9sireux de mieux conna\u00eetre les activit\u00e9s propos\u00e9es par Liluak VTT ainsi que pouvoir r\u00e9server des randonn\u00e9es guid\u00e9es en ligne. Informations \u2013 Cr\u00e9dits photos La structure g\u00e9n\u00e9rale, ainsi que les textes, images anim\u00e9es ou non, sons, logos et tout autre &hellip; Continue reading Mentions l\u00e9gales &rarr;\" \/>\n<meta property=\"og:url\" content=\"https:\/\/liluak-vtt.com\/index.php\/mentions-legales\/\" \/>\n<meta property=\"og:site_name\" content=\"LILUAK VTT\" \/>\n<meta property=\"article:publisher\" content=\"https:\/\/www.facebook.com\/liluakvtt\" \/>\n<meta property=\"article:modified_time\" content=\"2025-02-03T13:48:34+00:00\" \/>\n<meta property=\"og:image\" content=\"https:\/\/liluak-vtt.com\/wp-content\/uploads\/2021\/03\/mtb-paysbasque-liluakVTT-urrugne.jpg\" \/>\n\t<meta property=\"og:image:width\" content=\"1400\" \/>\n\t<meta property=\"og:image:height\" content=\"788\" \/>\n\t<meta property=\"og:image:type\" content=\"image\/jpeg\" \/>\n<meta name=\"twitter:card\" content=\"summary_large_image\" \/>\n<meta name=\"twitter:label1\" content=\"Dur\u00e9e de lecture estim\u00e9e\" \/>\n\t<meta name=\"twitter:data1\" content=\"2 minutes\" \/>\n<script type=\"application\/ld+json\" class=\"yoast-schema-graph\">{\"@context\":\"https:\\\/\\\/schema.org\",\"@graph\":[{\"@type\":\"WebPage\",\"@id\":\"https:\\\/\\\/liluak-vtt.com\\\/index.php\\\/mentions-legales\\\/\",\"url\":\"https:\\\/\\\/liluak-vtt.com\\\/index.php\\\/mentions-legales\\\/\",\"name\":\"Mentions l\u00e9gales - LILUAK VTT\",\"isPartOf\":{\"@id\":\"https:\\\/\\\/liluak-vtt.com\\\/#website\"},\"primaryImageOfPage\":{\"@id\":\"https:\\\/\\\/liluak-vtt.com\\\/index.php\\\/mentions-legales\\\/#primaryimage\"},\"image\":{\"@id\":\"https:\\\/\\\/liluak-vtt.com\\\/index.php\\\/mentions-legales\\\/#primaryimage\"},\"thumbnailUrl\":\"https:\\\/\\\/liluak-vtt.com\\\/wp-content\\\/uploads\\\/2021\\\/03\\\/mtb-paysbasque-liluakVTT-urrugne-e1738680374581.jpg\",\"datePublished\":\"2021-02-10T10:29:43+00:00\",\"dateModified\":\"2025-02-03T13:48:34+00:00\",\"breadcrumb\":{\"@id\":\"https:\\\/\\\/liluak-vtt.com\\\/index.php\\\/mentions-legales\\\/#breadcrumb\"},\"inLanguage\":\"fr-FR\",\"potentialAction\":[{\"@type\":\"ReadAction\",\"target\":[\"https:\\\/\\\/liluak-vtt.com\\\/index.php\\\/mentions-legales\\\/\"]}]},{\"@type\":\"ImageObject\",\"inLanguage\":\"fr-FR\",\"@id\":\"https:\\\/\\\/liluak-vtt.com\\\/index.php\\\/mentions-legales\\\/#primaryimage\",\"url\":\"https:\\\/\\\/liluak-vtt.com\\\/wp-content\\\/uploads\\\/2021\\\/03\\\/mtb-paysbasque-liluakVTT-urrugne-e1738680374581.jpg\",\"contentUrl\":\"https:\\\/\\\/liluak-vtt.com\\\/wp-content\\\/uploads\\\/2021\\\/03\\\/mtb-paysbasque-liluakVTT-urrugne-e1738680374581.jpg\",\"width\":1400,\"height\":420,\"caption\":\"pottok-mtb-paysbasque-liluakVTT-urrugne\"},{\"@type\":\"BreadcrumbList\",\"@id\":\"https:\\\/\\\/liluak-vtt.com\\\/index.php\\\/mentions-legales\\\/#breadcrumb\",\"itemListElement\":[{\"@type\":\"ListItem\",\"position\":1,\"name\":\"Accueil\",\"item\":\"https:\\\/\\\/liluak-vtt.com\\\/\"},{\"@type\":\"ListItem\",\"position\":2,\"name\":\"Mentions l\u00e9gales\"}]},{\"@type\":\"WebSite\",\"@id\":\"https:\\\/\\\/liluak-vtt.com\\\/#website\",\"url\":\"https:\\\/\\\/liluak-vtt.com\\\/\",\"name\":\"LILUAK VTT\",\"description\":\"Partez \u00e0 la d\u00e9couverte des sentiers du Pays Basque\",\"publisher\":{\"@id\":\"https:\\\/\\\/liluak-vtt.com\\\/#organization\"},\"potentialAction\":[{\"@type\":\"SearchAction\",\"target\":{\"@type\":\"EntryPoint\",\"urlTemplate\":\"https:\\\/\\\/liluak-vtt.com\\\/?s={search_term_string}\"},\"query-input\":{\"@type\":\"PropertyValueSpecification\",\"valueRequired\":true,\"valueName\":\"search_term_string\"}}],\"inLanguage\":\"fr-FR\"},{\"@type\":\"Organization\",\"@id\":\"https:\\\/\\\/liluak-vtt.com\\\/#organization\",\"name\":\"LILUAK VTT\",\"url\":\"https:\\\/\\\/liluak-vtt.com\\\/\",\"logo\":{\"@type\":\"ImageObject\",\"inLanguage\":\"fr-FR\",\"@id\":\"https:\\\/\\\/liluak-vtt.com\\\/#\\\/schema\\\/logo\\\/image\\\/\",\"url\":\"https:\\\/\\\/liluak-vtt.com\\\/wp-content\\\/uploads\\\/2021\\\/04\\\/logo-liluakvtt-urrugne.jpg\",\"contentUrl\":\"https:\\\/\\\/liluak-vtt.com\\\/wp-content\\\/uploads\\\/2021\\\/04\\\/logo-liluakvtt-urrugne.jpg\",\"width\":900,\"height\":900,\"caption\":\"LILUAK VTT\"},\"image\":{\"@id\":\"https:\\\/\\\/liluak-vtt.com\\\/#\\\/schema\\\/logo\\\/image\\\/\"},\"sameAs\":[\"https:\\\/\\\/www.facebook.com\\\/liluakvtt\",\"https:\\\/\\\/www.instagram.com\\\/liluak_vtt_paysbasque\\\/\",\"https:\\\/\\\/www.youtube.com\\\/channel\\\/UCTTTL8MCyvKaRz2rGhruOxA\"]}]}<\/script>\n<!-- \/ Yoast SEO plugin. -->","yoast_head_json":{"title":"Mentions l\u00e9gales - LILUAK VTT","robots":{"index":"index","follow":"follow","max-snippet":"max-snippet:-1","max-image-preview":"max-image-preview:large","max-video-preview":"max-video-preview:-1"},"canonical":"https:\/\/liluak-vtt.com\/index.php\/mentions-legales\/","og_locale":"fr_FR","og_type":"article","og_title":"Mentions l\u00e9gales - LILUAK VTT","og_description":"Identification Activit\u00e9 Objet du site Ce site internet www.liluak-vtt.com a \u00e9t\u00e9 \u00e9labor\u00e9 pour tous les internautes d\u00e9sireux de mieux conna\u00eetre les activit\u00e9s propos\u00e9es par Liluak VTT ainsi que pouvoir r\u00e9server des randonn\u00e9es guid\u00e9es en ligne. Informations \u2013 Cr\u00e9dits photos La structure g\u00e9n\u00e9rale, ainsi que les textes, images anim\u00e9es ou non, sons, logos et tout autre &hellip; Continue reading Mentions l\u00e9gales &rarr;","og_url":"https:\/\/liluak-vtt.com\/index.php\/mentions-legales\/","og_site_name":"LILUAK VTT","article_publisher":"https:\/\/www.facebook.com\/liluakvtt","article_modified_time":"2025-02-03T13:48:34+00:00","og_image":[{"width":1400,"height":788,"url":"https:\/\/liluak-vtt.com\/wp-content\/uploads\/2021\/03\/mtb-paysbasque-liluakVTT-urrugne.jpg","type":"image\/jpeg"}],"twitter_card":"summary_large_image","twitter_misc":{"Dur\u00e9e de lecture estim\u00e9e":"2 minutes"},"schema":{"@context":"https:\/\/schema.org","@graph":[{"@type":"WebPage","@id":"https:\/\/liluak-vtt.com\/index.php\/mentions-legales\/","url":"https:\/\/liluak-vtt.com\/index.php\/mentions-legales\/","name":"Mentions l\u00e9gales - LILUAK VTT","isPartOf":{"@id":"https:\/\/liluak-vtt.com\/#website"},"primaryImageOfPage":{"@id":"https:\/\/liluak-vtt.com\/index.php\/mentions-legales\/#primaryimage"},"image":{"@id":"https:\/\/liluak-vtt.com\/index.php\/mentions-legales\/#primaryimage"},"thumbnailUrl":"https:\/\/liluak-vtt.com\/wp-content\/uploads\/2021\/03\/mtb-paysbasque-liluakVTT-urrugne-e1738680374581.jpg","datePublished":"2021-02-10T10:29:43+00:00","dateModified":"2025-02-03T13:48:34+00:00","breadcrumb":{"@id":"https:\/\/liluak-vtt.com\/index.php\/mentions-legales\/#breadcrumb"},"inLanguage":"fr-FR","potentialAction":[{"@type":"ReadAction","target":["https:\/\/liluak-vtt.com\/index.php\/mentions-legales\/"]}]},{"@type":"ImageObject","inLanguage":"fr-FR","@id":"https:\/\/liluak-vtt.com\/index.php\/mentions-legales\/#primaryimage","url":"https:\/\/liluak-vtt.com\/wp-content\/uploads\/2021\/03\/mtb-paysbasque-liluakVTT-urrugne-e1738680374581.jpg","contentUrl":"https:\/\/liluak-vtt.com\/wp-content\/uploads\/2021\/03\/mtb-paysbasque-liluakVTT-urrugne-e1738680374581.jpg","width":1400,"height":420,"caption":"pottok-mtb-paysbasque-liluakVTT-urrugne"},{"@type":"BreadcrumbList","@id":"https:\/\/liluak-vtt.com\/index.php\/mentions-legales\/#breadcrumb","itemListElement":[{"@type":"ListItem","position":1,"name":"Accueil","item":"https:\/\/liluak-vtt.com\/"},{"@type":"ListItem","position":2,"name":"Mentions l\u00e9gales"}]},{"@type":"WebSite","@id":"https:\/\/liluak-vtt.com\/#website","url":"https:\/\/liluak-vtt.com\/","name":"LILUAK VTT","description":"Partez \u00e0 la d\u00e9couverte des sentiers du Pays Basque","publisher":{"@id":"https:\/\/liluak-vtt.com\/#organization"},"potentialAction":[{"@type":"SearchAction","target":{"@type":"EntryPoint","urlTemplate":"https:\/\/liluak-vtt.com\/?s={search_term_string}"},"query-input":{"@type":"PropertyValueSpecification","valueRequired":true,"valueName":"search_term_string"}}],"inLanguage":"fr-FR"},{"@type":"Organization","@id":"https:\/\/liluak-vtt.com\/#organization","name":"LILUAK VTT","url":"https:\/\/liluak-vtt.com\/","logo":{"@type":"ImageObject","inLanguage":"fr-FR","@id":"https:\/\/liluak-vtt.com\/#\/schema\/logo\/image\/","url":"https:\/\/liluak-vtt.com\/wp-content\/uploads\/2021\/04\/logo-liluakvtt-urrugne.jpg","contentUrl":"https:\/\/liluak-vtt.com\/wp-content\/uploads\/2021\/04\/logo-liluakvtt-urrugne.jpg","width":900,"height":900,"caption":"LILUAK VTT"},"image":{"@id":"https:\/\/liluak-vtt.com\/#\/schema\/logo\/image\/"},"sameAs":["https:\/\/www.facebook.com\/liluakvtt","https:\/\/www.instagram.com\/liluak_vtt_paysbasque\/","https:\/\/www.youtube.com\/channel\/UCTTTL8MCyvKaRz2rGhruOxA"]}]}},"_links":{"self":[{"href":"https:\/\/liluak-vtt.com\/index.php\/wp-json\/wp\/v2\/pages\/3","targetHints":{"allow":["GET"]}}],"collection":[{"href":"https:\/\/liluak-vtt.com\/index.php\/wp-json\/wp\/v2\/pages"}],"about":[{"href":"https:\/\/liluak-vtt.com\/index.php\/wp-json\/wp\/v2\/types\/page"}],"author":[{"embeddable":true,"href":"https:\/\/liluak-vtt.com\/index.php\/wp-json\/wp\/v2\/users\/1"}],"replies":[{"embeddable":true,"href":"https:\/\/liluak-vtt.com\/index.php\/wp-json\/wp\/v2\/comments?post=3"}],"version-history":[{"count":5,"href":"https:\/\/liluak-vtt.com\/index.php\/wp-json\/wp\/v2\/pages\/3\/revisions"}],"predecessor-version":[{"id":15338,"href":"https:\/\/liluak-vtt.com\/index.php\/wp-json\/wp\/v2\/pages\/3\/revisions\/15338"}],"wp:featuredmedia":[{"embeddable":true,"href":"https:\/\/liluak-vtt.com\/index.php\/wp-json\/wp\/v2\/media\/12786"}],"wp:attachment":[{"href":"https:\/\/liluak-vtt.com\/index.php\/wp-json\/wp\/v2\/media?parent=3"}],"curies":[{"name":"wp","href":"https:\/\/api.w.org\/{rel}","templated":true}]}}